{"id":44,"date":"2025-06-23T15:26:23","date_gmt":"2025-06-23T13:26:23","guid":{"rendered":"https:\/\/maisonlarouzee.fr\/?page_id=44"},"modified":"2025-08-13T12:53:43","modified_gmt":"2025-08-13T10:53:43","slug":"home","status":"publish","type":"page","link":"https:\/\/maisonlarouzee.fr\/","title":{"rendered":"Home"},"content":{"rendered":"\t\t<div data-elementor-type=\"wp-page\" data-elementor-id=\"44\" class=\"elementor elementor-44\">\n\t\t\t\t<div class=\"elementor-element elementor-element-1697ded0 e-con-full e-flex e-con e-parent\" data-id=\"1697ded0\" data-element_type=\"container\">\n\t\t<div class=\"elementor-element elementor-element-5acba789 e-con-full e-flex e-con e-child\" data-id=\"5acba789\" data-element_type=\"container\">\n\t\t<div class=\"elementor-element elementor-element-5b1700be e-con-full e-flex e-con e-child\" data-id=\"5b1700be\" data-element_type=\"container\">\n\t\t\t\t<div class=\"elementor-element elementor-element-40fbea6f elementor-invisible elementor-widget elementor-widget-heading\" data-id=\"40fbea6f\" data-element_type=\"widget\" data-settings=\"{&quot;_animation&quot;:&quot;fadeInUp&quot;}\" data-widget_type=\"heading.default\">\n\t\t\t\t<div class=\"elementor-widget-container\">\n\t\t\t\t\t<p class=\"elementor-heading-title elementor-size-default\">Maison Larouz\u00e9e<\/p>\t\t\t\t<\/div>\n\t\t\t\t<\/div>\n\t\t\t\t<div class=\"elementor-element elementor-element-40c45974 elementor-widget elementor-widget-heading\" data-id=\"40c45974\" data-element_type=\"widget\" data-widget_type=\"heading.default\">\n\t\t\t\t<div class=\"elementor-widget-container\">\n\t\t\t\t\t<h1 class=\"elementor-heading-title elementor-size-default\">Un cadre paisible au c\u0153ur de la nature et \u00e0 15km de Reims<\/h1>\t\t\t\t<\/div>\n\t\t\t\t<\/div>\n\t\t\t\t<div class=\"elementor-element elementor-element-1747235 elementor-widget__width-initial elementor-widget elementor-widget-text-editor\" data-id=\"1747235\" data-element_type=\"widget\" data-widget_type=\"text-editor.default\">\n\t\t\t\t<div class=\"elementor-widget-container\">\n\t\t\t\t\t\t\t\t\t<p>Nich\u00e9e dans le charmant village de Saint-Masmes, <strong data-start=\"300\" data-end=\"319\">Maison Larouz\u00e9e<\/strong> vous accueille dans un environnement calme et verdoyant, id\u00e9al pour se ressourcer. Entour\u00e9e de champs et de vignes, la maison offre un cadre bucolique, propice \u00e0 la d\u00e9tente et aux promenades \u00e0 pied ou \u00e0 v\u00e9lo.<\/p>\t\t\t\t\t\t\t\t<\/div>\n\t\t\t\t<\/div>\n\t\t\t\t<\/div>\n\t\t\t\t<\/div>\n\t\t<div class=\"elementor-element elementor-element-4fa65dce e-con-full elementor-hidden-tablet elementor-hidden-mobile e-flex e-con e-child\" data-id=\"4fa65dce\" data-element_type=\"container\" data-settings=\"{&quot;background_background&quot;:&quot;classic&quot;}\">\n\t\t\t\t<\/div>\n\t\t\t\t<\/div>\n\t\t<div class=\"elementor-element elementor-element-6b21c9b7 e-con-full e-flex e-con e-parent\" data-id=\"6b21c9b7\" data-element_type=\"container\">\n\t\t<div class=\"elementor-element elementor-element-2d2fd175 e-con-full e-flex e-con e-child\" data-id=\"2d2fd175\" data-element_type=\"container\" data-settings=\"{&quot;background_background&quot;:&quot;classic&quot;}\">\n\t\t\t\t<\/div>\n\t\t<div class=\"elementor-element elementor-element-176f11e5 e-con-full e-flex e-con e-child\" data-id=\"176f11e5\" data-element_type=\"container\">\n\t\t\t\t<div class=\"elementor-element elementor-element-67101fea elementor-widget elementor-widget-heading\" data-id=\"67101fea\" data-element_type=\"widget\" data-widget_type=\"heading.default\">\n\t\t\t\t<div class=\"elementor-widget-container\">\n\t\t\t\t\t<h2 class=\"elementor-heading-title elementor-size-default\">Aux portes de la Champagne et des Ardennes<\/h2>\t\t\t\t<\/div>\n\t\t\t\t<\/div>\n\t\t\t\t<div class=\"elementor-element elementor-element-50369761 elementor-widget elementor-widget-text-editor\" data-id=\"50369761\" data-element_type=\"widget\" data-widget_type=\"text-editor.default\">\n\t\t\t\t<div class=\"elementor-widget-container\">\n\t\t\t\t\t\t\t\t\t<p>Maison Larouz\u00e9e se situe \u00e0 quelques kilom\u00e8tres des c\u00e9l\u00e8bres maisons de Champagne de Reims et d\u2019\u00c9pernay. Partez \u00e0 la d\u00e9couverte des caves, d\u00e9gustez les meilleurs crus de la r\u00e9gion, ou profitez simplement des paysages vallonn\u00e9s embl\u00e9matiques du vignoble champenois.<\/p>\t\t\t\t\t\t\t\t<\/div>\n\t\t\t\t<\/div>\n\t\t\t\t<\/div>\n\t\t\t\t<\/div>\n\t\t<div class=\"elementor-element elementor-element-3f6dca0d e-con-full e-flex e-con e-parent\" data-id=\"3f6dca0d\" data-element_type=\"container\">\n\t\t\t\t<div class=\"elementor-element elementor-element-413de1f4 elementor-widget elementor-widget-heading\" data-id=\"413de1f4\" data-element_type=\"widget\" data-widget_type=\"heading.default\">\n\t\t\t\t<div class=\"elementor-widget-container\">\n\t\t\t\t\t<span class=\"elementor-heading-title elementor-size-default\">\u00e0 d\u00e9couvrir ...<\/span>\t\t\t\t<\/div>\n\t\t\t\t<\/div>\n\t\t<div class=\"elementor-element elementor-element-23871354 e-con-full e-flex e-con e-child\" data-id=\"23871354\" data-element_type=\"container\">\n\t\t<div class=\"elementor-element elementor-element-9e32f14 e-con-full e-flex e-con e-child\" data-id=\"9e32f14\" data-element_type=\"container\">\n\t\t\t\t<div class=\"elementor-element elementor-element-7001cc7d elementor-widget elementor-widget-text-editor\" data-id=\"7001cc7d\" data-element_type=\"widget\" data-widget_type=\"text-editor.default\">\n\t\t\t\t<div class=\"elementor-widget-container\">\n\t\t\t\t\t\t\t\t\t<p>Les environs de Saint-Masmes :<\/p>\t\t\t\t\t\t\t\t<\/div>\n\t\t\t\t<\/div>\n\t\t\t\t<\/div>\n\t\t<div class=\"elementor-element elementor-element-2791502d e-con-full e-flex e-con e-child\" data-id=\"2791502d\" data-element_type=\"container\">\n\t\t<div class=\"elementor-element elementor-element-23112ef e-con-full e-flex e-con e-child\" data-id=\"23112ef\" data-element_type=\"container\">\n\t\t\t\t<div class=\"elementor-element elementor-element-1580e38c elementor-position-top elementor-widget elementor-widget-image-box\" data-id=\"1580e38c\" data-element_type=\"widget\" data-widget_type=\"image-box.default\">\n\t\t\t\t<div class=\"elementor-widget-container\">\n\t\t\t\t\t<div class=\"elementor-image-box-wrapper\"><figure class=\"elementor-image-box-img\"><img fetchpriority=\"high\" decoding=\"async\" width=\"285\" height=\"237\" src=\"https:\/\/maisonlarouzee.fr\/wp-content\/uploads\/2025\/08\/picto-monument.png\" class=\"elementor-animation-sink attachment-medium size-medium wp-image-90\" alt=\"\" \/><\/figure><div class=\"elementor-image-box-content\"><h3 class=\"elementor-image-box-title\"><br>Patrimoine et d\u00e9couvertes locales<\/h3><p class=\"elementor-image-box-description\">\u00c0 proximit\u00e9, partez \u00e0 la d\u00e9couverte du riche patrimoine historique de la Marne : cath\u00e9drale de Reims, chemins de m\u00e9moire de la Grande Guerre, moulins et \u00e9glises rurales. Le village de Saint-Masmes lui-m\u00eame conserve une ambiance authentique et accueillante.<\/p><\/div><\/div>\t\t\t\t<\/div>\n\t\t\t\t<\/div>\n\t\t\t\t<\/div>\n\t\t<div class=\"elementor-element elementor-element-4189b9f8 e-con-full e-flex e-con e-child\" data-id=\"4189b9f8\" data-element_type=\"container\">\n\t\t\t\t<div class=\"elementor-element elementor-element-29a91468 elementor-position-top elementor-widget elementor-widget-image-box\" data-id=\"29a91468\" data-element_type=\"widget\" data-widget_type=\"image-box.default\">\n\t\t\t\t<div class=\"elementor-widget-container\">\n\t\t\t\t\t<div class=\"elementor-image-box-wrapper\"><figure class=\"elementor-image-box-img\"><img decoding=\"async\" width=\"424\" height=\"403\" src=\"https:\/\/maisonlarouzee.fr\/wp-content\/uploads\/2025\/08\/0812255e-c053-48b1-9634-b86352e1d604-1.png\" class=\"elementor-animation-sink attachment-full size-full wp-image-93\" alt=\"\" srcset=\"https:\/\/maisonlarouzee.fr\/wp-content\/uploads\/2025\/08\/0812255e-c053-48b1-9634-b86352e1d604-1.png 424w, https:\/\/maisonlarouzee.fr\/wp-content\/uploads\/2025\/08\/0812255e-c053-48b1-9634-b86352e1d604-1-300x285.png 300w\" sizes=\"(max-width: 424px) 100vw, 424px\" \/><\/figure><div class=\"elementor-image-box-content\"><h3 class=\"elementor-image-box-title\">Une maison pens\u00e9e pour votre confort<\/h3><p class=\"elementor-image-box-description\">Maison Larouz\u00e9e allie charme de l\u2019ancien et confort moderne. Id\u00e9ale pour les familles, les professionnels en d\u00e9placement ou les amoureux de la campagne, elle vous offre un pied-\u00e0-terre chaleureux pour d\u00e9couvrir la r\u00e9gion en toute s\u00e9r\u00e9nit\u00e9.<\/p><\/div><\/div>\t\t\t\t<\/div>\n\t\t\t\t<\/div>\n\t\t\t\t<\/div>\n\t\t<div class=\"elementor-element elementor-element-51b9e450 e-con-full e-flex e-con e-child\" data-id=\"51b9e450\" data-element_type=\"container\">\n\t\t\t\t<div class=\"elementor-element elementor-element-6961adeb elementor-position-top elementor-widget elementor-widget-image-box\" data-id=\"6961adeb\" data-element_type=\"widget\" data-widget_type=\"image-box.default\">\n\t\t\t\t<div class=\"elementor-widget-container\">\n\t\t\t\t\t<div class=\"elementor-image-box-wrapper\"><figure class=\"elementor-image-box-img\"><img decoding=\"async\" width=\"150\" height=\"150\" src=\"https:\/\/maisonlarouzee.fr\/wp-content\/uploads\/2025\/08\/bonheur-150x150.png\" class=\"elementor-animation-sink attachment-thumbnail size-thumbnail wp-image-94\" alt=\"\" srcset=\"https:\/\/maisonlarouzee.fr\/wp-content\/uploads\/2025\/08\/bonheur-150x150.png 150w, https:\/\/maisonlarouzee.fr\/wp-content\/uploads\/2025\/08\/bonheur-300x300.png 300w, https:\/\/maisonlarouzee.fr\/wp-content\/uploads\/2025\/08\/bonheur.png 512w\" sizes=\"(max-width: 150px) 100vw, 150px\" \/><\/figure><div class=\"elementor-image-box-content\"><h3 class=\"elementor-image-box-title\"><br>Un acc\u00e8s facile pour un s\u00e9jour sans contrainte<\/h3><p class=\"elementor-image-box-description\">Situ\u00e9e \u00e0 20 minutes de Reims et \u00e0 moins de 10 minutes de la gare de Bazancourt, Maison Larouz\u00e9e est facilement accessible, que vous veniez en voiture ou en train. Un emplacement parfait pour combiner escapade nature et d\u00e9couverte culturelle.<\/p><\/div><\/div>\t\t\t\t<\/div>\n\t\t\t\t<\/div>\n\t\t\t\t<\/div>\n\t\t\t\t<\/div>\n\t\t\t\t<\/div>\n\t\t\t\t<\/div>\n\t\t\t\t<\/div>\n\t\t","protected":false},"excerpt":{"rendered":"<p>Maison Larouz\u00e9e Un cadre paisible au c\u0153ur de la nature et \u00e0 15km de Reims Nich\u00e9e dans le charmant village de Saint-Masmes, Maison Larouz\u00e9e vous accueille dans un environnement calme et verdoyant, id\u00e9al pour se ressourcer. Entour\u00e9e de champs et de vignes, la maison offre un cadre bucolique, propice \u00e0 la d\u00e9tente et aux promenades [&hellip;]<\/p>\n","protected":false},"author":1,"featured_media":0,"parent":0,"menu_order":0,"comment_status":"closed","ping_status":"closed","template":"elementor_header_footer","meta":{"footnotes":""},"class_list":["post-44","page","type-page","status-publish","hentry"],"_links":{"self":[{"href":"https:\/\/maisonlarouzee.fr\/index.php?rest_route=\/wp\/v2\/pages\/44","targetHints":{"allow":["GET"]}}],"collection":[{"href":"https:\/\/maisonlarouzee.fr\/index.php?rest_route=\/wp\/v2\/pages"}],"about":[{"href":"https:\/\/maisonlarouzee.fr\/index.php?rest_route=\/wp\/v2\/types\/page"}],"author":[{"embeddable":true,"href":"https:\/\/maisonlarouzee.fr\/index.php?rest_route=\/wp\/v2\/users\/1"}],"replies":[{"embeddable":true,"href":"https:\/\/maisonlarouzee.fr\/index.php?rest_route=%2Fwp%2Fv2%2Fcomments&post=44"}],"version-history":[{"count":37,"href":"https:\/\/maisonlarouzee.fr\/index.php?rest_route=\/wp\/v2\/pages\/44\/revisions"}],"predecessor-version":[{"id":126,"href":"https:\/\/maisonlarouzee.fr\/index.php?rest_route=\/wp\/v2\/pages\/44\/revisions\/126"}],"wp:attachment":[{"href":"https:\/\/maisonlarouzee.fr\/index.php?rest_route=%2Fwp%2Fv2%2Fmedia&parent=44"}],"curies":[{"name":"wp","href":"https:\/\/api.w.org\/{rel}","templated":true}]}}